{"id":567,"date":"2023-03-15T09:27:11","date_gmt":"2023-03-15T09:27:11","guid":{"rendered":"https:\/\/knkitalia.it\/?page_id=567"},"modified":"2025-11-11T11:24:25","modified_gmt":"2025-11-11T11:24:25","slug":"doshu-kenshiro-yoshigasaki","status":"publish","type":"page","link":"https:\/\/knkitalia.it\/index.php\/doshu-kenshiro-yoshigasaki\/","title":{"rendered":"Doshu Kenshiro Yoshigasaki"},"content":{"rendered":"\t\t<div data-elementor-type=\"wp-page\" data-elementor-id=\"567\" class=\"elementor elementor-567\">\n\t\t\t\t\t\t<section class=\"elementor-section elementor-top-section elementor-element elementor-element-7de7a213 elementor-section-content-middle elementor-section-full_width elementor-reverse-mobile elementor-reverse-tablet elementor-section-height-default elementor-section-height-default\" data-id=\"7de7a213\" data-element_type=\"section\" data-e-type=\"section\">\n\t\t\t\t\t\t<div class=\"elementor-container elementor-column-gap-no\">\n\t\t\t\t\t<div class=\"elementor-column elementor-col-50 elementor-top-column elementor-element elementor-element-72fef6e\" data-id=\"72fef6e\" data-element_type=\"column\" data-e-type=\"column\">\n\t\t\t<div class=\"elementor-widget-wrap elementor-element-populated\">\n\t\t\t\t\t\t<div class=\"elementor-element elementor-element-34de807 elementor-widget elementor-widget-image\" data-id=\"34de807\" data-element_type=\"widget\" data-e-type=\"widget\" data-widget_type=\"image.default\">\n\t\t\t\t<div class=\"elementor-widget-container\">\n\t\t\t\t\t\t\t\t\t\t\t\t\t\t\t<img decoding=\"async\" src=\"https:\/\/knkitalia.it\/wp-content\/uploads\/elementor\/thumbs\/Yoshigasaki_2-q3jmr3o3b35nuwaan4mz3b5ukmbgxf7ye775i6ylmo.jpg\" title=\"Yoshigasaki_2\" alt=\"Yoshigasaki_2\" loading=\"lazy\" \/>\t\t\t\t\t\t\t\t\t\t\t\t\t\t\t<\/div>\n\t\t\t\t<\/div>\n\t\t\t\t\t<\/div>\n\t\t<\/div>\n\t\t\t\t<div class=\"elementor-column elementor-col-50 elementor-top-column elementor-element elementor-element-5dd3ef13\" data-id=\"5dd3ef13\" data-element_type=\"column\" data-e-type=\"column\">\n\t\t\t<div class=\"elementor-widget-wrap elementor-element-populated\">\n\t\t\t\t\t\t<div class=\"elementor-element elementor-element-23ed1644 elementor-widget elementor-widget-heading\" data-id=\"23ed1644\" data-element_type=\"widget\" data-e-type=\"widget\" data-widget_type=\"heading.default\">\n\t\t\t\t<div class=\"elementor-widget-container\">\n\t\t\t\t\t<h2 class=\"elementor-heading-title elementor-size-small\">Kenshiro Yoshigasaki \u00e8 stato una figura iconica <\/h2>\t\t\t\t<\/div>\n\t\t\t\t<\/div>\n\t\t\t\t<div class=\"elementor-element elementor-element-afaa16e elementor-widget elementor-widget-text-editor\" data-id=\"afaa16e\" data-element_type=\"widget\" data-e-type=\"widget\" data-widget_type=\"text-editor.default\">\n\t\t\t\t<div class=\"elementor-widget-container\">\n\t\t\t\t\t\t\t\t\t<p>nel mondo del Ki Aikido e della meditazione. Nato in Giappone nel 1951, Yoshigasaki ha trascorso tutta la sua vita a esplorare e praticare l&#8217;arte marziale e la meditazione, diventando un maestro rispettato e amato da molti.<\/p><p>Yoshigasaki ha iniziato la sua carriera come praticante di Aikido a un&#8217;et\u00e0 molto giovane, e in seguito ha dedicato la sua vita a esplorare le tecniche e la filosofia del Ki Aikido, diventando un maestro di livello mondiale. Con una passione per la pace e l&#8217;armonia, Yoshigasaki ha viaggiato in tutto il mondo per condividere la sua conoscenza con gli altri, ispirando molte persone a scoprire l&#8217;arte marziale e la meditazione.<\/p>\t\t\t\t\t\t\t\t<\/div>\n\t\t\t\t<\/div>\n\t\t\t\t\t<\/div>\n\t\t<\/div>\n\t\t\t\t\t<\/div>\n\t\t<\/section>\n\t\t\t\t<section class=\"elementor-section elementor-top-section elementor-element elementor-element-464d593a elementor-section-content-middle elementor-section-full_width elementor-section-height-default elementor-section-height-default\" data-id=\"464d593a\" data-element_type=\"section\" data-e-type=\"section\">\n\t\t\t\t\t\t<div class=\"elementor-container elementor-column-gap-no\">\n\t\t\t\t\t<div class=\"elementor-column elementor-col-50 elementor-top-column elementor-element elementor-element-3b853f13\" data-id=\"3b853f13\" data-element_type=\"column\" data-e-type=\"column\">\n\t\t\t<div class=\"elementor-widget-wrap elementor-element-populated\">\n\t\t\t\t\t\t<div class=\"elementor-element elementor-element-7847bf08 elementor-widget elementor-widget-heading\" data-id=\"7847bf08\" data-element_type=\"widget\" data-e-type=\"widget\" data-widget_type=\"heading.default\">\n\t\t\t\t<div class=\"elementor-widget-container\">\n\t\t\t\t\t<h2 class=\"elementor-heading-title elementor-size-default\">La pratica<\/h2>\t\t\t\t<\/div>\n\t\t\t\t<\/div>\n\t\t\t\t<div class=\"elementor-element elementor-element-241a20f7 elementor-widget elementor-widget-text-editor\" data-id=\"241a20f7\" data-element_type=\"widget\" data-e-type=\"widget\" data-widget_type=\"text-editor.default\">\n\t\t\t\t<div class=\"elementor-widget-container\">\n\t\t\t\t\t\t\t\t\tLa sua abilit\u00e0 nell&#8217;arte marziale e la sua comprensione profonda della meditazione hanno permesso a Yoshigasaki di creare una forma unica e innovativa di Ki Aikido, che \u00e8 diventata conosciuta come il Metodo Yoshigasaki. Questo metodo \u00e8 stato acclamato da molti come una delle forme pi\u00f9 avanzate e profonde di Ki Aikido e ha ispirato molte persone a scoprire la bellezza e la potenza di questa arte marziale.\t\t\t\t\t\t\t\t<\/div>\n\t\t\t\t<\/div>\n\t\t\t\t\t<\/div>\n\t\t<\/div>\n\t\t\t\t<div class=\"elementor-column elementor-col-50 elementor-top-column elementor-element elementor-element-3a7aac7e\" data-id=\"3a7aac7e\" data-element_type=\"column\" data-e-type=\"column\">\n\t\t\t<div class=\"elementor-widget-wrap elementor-element-populated\">\n\t\t\t\t\t\t<div class=\"elementor-element elementor-element-20152fab elementor-widget elementor-widget-image\" data-id=\"20152fab\" data-element_type=\"widget\" data-e-type=\"widget\" data-widget_type=\"image.default\">\n\t\t\t\t<div class=\"elementor-widget-container\">\n\t\t\t\t\t\t\t\t\t\t\t\t\t\t\t<img fetchpriority=\"high\" decoding=\"async\" width=\"525\" height=\"787\" src=\"https:\/\/knkitalia.it\/wp-content\/uploads\/2023\/03\/Yoshigasaki_3.jpg\" class=\"attachment-medium_large size-medium_large wp-image-571\" alt=\"\" srcset=\"https:\/\/knkitalia.it\/wp-content\/uploads\/2023\/03\/Yoshigasaki_3.jpg 624w, https:\/\/knkitalia.it\/wp-content\/uploads\/2023\/03\/Yoshigasaki_3-200x300.jpg 200w\" sizes=\"100vw\" \/>\t\t\t\t\t\t\t\t\t\t\t\t\t\t\t<\/div>\n\t\t\t\t<\/div>\n\t\t\t\t\t<\/div>\n\t\t<\/div>\n\t\t\t\t\t<\/div>\n\t\t<\/section>\n\t\t\t\t<section class=\"elementor-section elementor-top-section elementor-element elementor-element-bc18fa9 elementor-section-boxed elementor-section-height-default elementor-section-height-default\" data-id=\"bc18fa9\" data-element_type=\"section\" data-e-type=\"section\">\n\t\t\t\t\t\t<div class=\"elementor-container elementor-column-gap-default\">\n\t\t\t\t\t<div class=\"elementor-column elementor-col-50 elementor-top-column elementor-element elementor-element-391ef28\" data-id=\"391ef28\" data-element_type=\"column\" data-e-type=\"column\">\n\t\t\t<div class=\"elementor-widget-wrap elementor-element-populated\">\n\t\t\t\t\t\t<div class=\"elementor-element elementor-element-96cb272 elementor-widget elementor-widget-image\" data-id=\"96cb272\" data-element_type=\"widget\" data-e-type=\"widget\" data-widget_type=\"image.default\">\n\t\t\t\t<div class=\"elementor-widget-container\">\n\t\t\t\t\t\t\t\t\t\t\t\t\t\t\t<img decoding=\"async\" src=\"https:\/\/knkitalia.it\/wp-content\/uploads\/elementor\/thumbs\/MG_4992_DxO-2-scaled-q1ij0zdag4f3vpnld0hgjos9h540temn0b4flpz4zk.jpg\" title=\"YOSHIGASAKI SENSEI\" alt=\"YOSHIGASAKI SENSEI\" loading=\"lazy\" \/>\t\t\t\t\t\t\t\t\t\t\t\t\t\t\t<\/div>\n\t\t\t\t<\/div>\n\t\t\t\t\t<\/div>\n\t\t<\/div>\n\t\t\t\t<div class=\"elementor-column elementor-col-50 elementor-top-column elementor-element elementor-element-39f5f2d\" data-id=\"39f5f2d\" data-element_type=\"column\" data-e-type=\"column\">\n\t\t\t<div class=\"elementor-widget-wrap elementor-element-populated\">\n\t\t\t\t\t\t<div class=\"elementor-element elementor-element-b1abea2 elementor-widget elementor-widget-text-editor\" data-id=\"b1abea2\" data-element_type=\"widget\" data-e-type=\"widget\" data-widget_type=\"text-editor.default\">\n\t\t\t\t<div class=\"elementor-widget-container\">\n\t\t\t\t\t\t\t\t\t<p>La vita di Kenshiro Yoshigasaki \u00e8 stata una storia di dedizione e passione per l&#8217;arte marziale e la meditazione. Ha dedicato la sua vita a esplorare queste pratiche e a condividere la sua conoscenza con gli altri, diventando un maestro amato e rispettato in tutto il mondo. La sua eredit\u00e0 continua a vivere attraverso il Metodo Yoshigasaki e l&#8217;impatto che ha avuto su molte persone che hanno scoperto l&#8217;arte marziale e la meditazione grazie alla sua guida e alla sua ispirazione.<\/p>\t\t\t\t\t\t\t\t<\/div>\n\t\t\t\t<\/div>\n\t\t\t\t\t<\/div>\n\t\t<\/div>\n\t\t\t\t\t<\/div>\n\t\t<\/section>\n\t\t\t\t<\/div>\n\t\t","protected":false},"excerpt":{"rendered":"<p>Kenshiro Yoshigasaki \u00e8 stato una figura iconica nel mondo del Ki Aikido e della meditazione. Nato in Giappone nel 1951, Yoshigasaki ha trascorso tutta la sua vita a esplorare e praticare l&#8217;arte marziale e la meditazione, diventando un maestro rispettato e amato da molti. Yoshigasaki ha iniziato la sua carriera come praticante di Aikido a &hellip; <\/p>\n<p class=\"link-more\"><a href=\"https:\/\/knkitalia.it\/index.php\/doshu-kenshiro-yoshigasaki\/\" class=\"more-link\">Leggi tutto<span class=\"screen-reader-text\"> &#8220;Doshu Kenshiro Yoshigasaki&#8221;<\/span><\/a><\/p>\n","protected":false},"author":1,"featured_media":0,"parent":0,"menu_order":0,"comment_status":"closed","ping_status":"closed","template":"elementor_header_footer","meta":{"footnotes":""},"class_list":["post-567","page","type-page","status-publish","hentry"],"_links":{"self":[{"href":"https:\/\/knkitalia.it\/index.php\/wp-json\/wp\/v2\/pages\/567","targetHints":{"allow":["GET"]}}],"collection":[{"href":"https:\/\/knkitalia.it\/index.php\/wp-json\/wp\/v2\/pages"}],"about":[{"href":"https:\/\/knkitalia.it\/index.php\/wp-json\/wp\/v2\/types\/page"}],"author":[{"embeddable":true,"href":"https:\/\/knkitalia.it\/index.php\/wp-json\/wp\/v2\/users\/1"}],"replies":[{"embeddable":true,"href":"https:\/\/knkitalia.it\/index.php\/wp-json\/wp\/v2\/comments?post=567"}],"version-history":[{"count":25,"href":"https:\/\/knkitalia.it\/index.php\/wp-json\/wp\/v2\/pages\/567\/revisions"}],"predecessor-version":[{"id":1204,"href":"https:\/\/knkitalia.it\/index.php\/wp-json\/wp\/v2\/pages\/567\/revisions\/1204"}],"wp:attachment":[{"href":"https:\/\/knkitalia.it\/index.php\/wp-json\/wp\/v2\/media?parent=567"}],"curies":[{"name":"wp","href":"https:\/\/api.w.org\/{rel}","templated":true}]}}