{"id":9,"date":"2021-10-16T16:57:10","date_gmt":"2021-10-16T16:57:10","guid":{"rendered":"https:\/\/knkitalia.it\/?page_id=9"},"modified":"2025-11-11T11:26:10","modified_gmt":"2025-11-11T11:26:10","slug":"lassociazione","status":"publish","type":"page","link":"https:\/\/knkitalia.it\/index.php\/lassociazione\/","title":{"rendered":"Associazione"},"content":{"rendered":"\t\t<div data-elementor-type=\"wp-page\" data-elementor-id=\"9\" class=\"elementor elementor-9\">\n\t\t\t\t\t\t<section class=\"elementor-section elementor-top-section elementor-element elementor-element-25bc538 elementor-section-full_width elementor-section-content-middle elementor-section-stretched elementor-section-height-default elementor-section-height-default\" data-id=\"25bc538\" data-element_type=\"section\" data-e-type=\"section\" data-settings=\"{&quot;stretch_section&quot;:&quot;section-stretched&quot;}\">\n\t\t\t\t\t\t<div class=\"elementor-container elementor-column-gap-wider\">\n\t\t\t\t\t<div class=\"elementor-column elementor-col-100 elementor-top-column elementor-element elementor-element-384e3a8\" data-id=\"384e3a8\" data-element_type=\"column\" data-e-type=\"column\" data-settings=\"{&quot;background_background&quot;:&quot;classic&quot;}\">\n\t\t\t<div class=\"elementor-widget-wrap elementor-element-populated\">\n\t\t\t\t\t\t<div class=\"elementor-element elementor-element-6210d89 elementor-widget elementor-widget-image\" data-id=\"6210d89\" data-element_type=\"widget\" data-e-type=\"widget\" data-widget_type=\"image.default\">\n\t\t\t\t<div class=\"elementor-widget-container\">\n\t\t\t\t\t\t\t\t\t\t\t\t\t\t\t<img decoding=\"async\" src=\"https:\/\/knkitalia.it\/wp-content\/uploads\/elementor\/thumbs\/MG_9285_DxO-scaled-q1ij90vr0daqyo2asok3sirzpaa7liqn7nio15t3bq.jpg\" title=\"_MG_9285_DxO\" alt=\"_MG_9285_DxO\" loading=\"lazy\" \/>\t\t\t\t\t\t\t\t\t\t\t\t\t\t\t<\/div>\n\t\t\t\t<\/div>\n\t\t\t\t\t<\/div>\n\t\t<\/div>\n\t\t\t\t\t<\/div>\n\t\t<\/section>\n\t\t\t\t<section class=\"elementor-section elementor-top-section elementor-element elementor-element-fbcb501 elementor-section-stretched elementor-section-boxed elementor-section-height-default elementor-section-height-default\" data-id=\"fbcb501\" data-element_type=\"section\" data-e-type=\"section\" data-settings=\"{&quot;stretch_section&quot;:&quot;section-stretched&quot;}\">\n\t\t\t\t\t\t<div class=\"elementor-container elementor-column-gap-default\">\n\t\t\t\t\t<div class=\"elementor-column elementor-col-50 elementor-top-column elementor-element elementor-element-c247332\" data-id=\"c247332\" data-element_type=\"column\" data-e-type=\"column\">\n\t\t\t<div class=\"elementor-widget-wrap elementor-element-populated\">\n\t\t\t\t\t\t<div class=\"elementor-element elementor-element-3cd6e80 elementor-widget elementor-widget-text-editor\" data-id=\"3cd6e80\" data-element_type=\"widget\" data-e-type=\"widget\" data-widget_type=\"text-editor.default\">\n\t\t\t\t<div class=\"elementor-widget-container\">\n\t\t\t\t\t\t\t\t\t<p>La Kinokenkyukai Italia \u00e8 un&#8217;associazione sportiva nata pi\u00f9 di 40 anni fa, precisamente nel 1980, dal forte desiderio di un piccolo gruppo di praticanti che gi\u00e0 seguivano l&#8217;insegnamento del maestro Koichi Tohei in Giappone e nei seminari internazionali in varie parti del mondo.<\/p><div>Questi ultimi col tempo divennero Shihan e Maestri, nonch\u00e9 divulgatori di quello che ad oggi \u00e8 lo sviluppo \u00a0di una pratica non competitiva chiamata Ki Aikido.<br \/>Visto l&#8217;alto numero di praticanti, sempre nel 1980 fu creato il primo Consiglio per guidare un&#8217;associazione autonoma avente per oggetto l&#8217;insegnamento della coordinazione Mente-Corpo.<\/div><div>\u00a0<\/div>\t\t\t\t\t\t\t\t<\/div>\n\t\t\t\t<\/div>\n\t\t\t\t\t<\/div>\n\t\t<\/div>\n\t\t\t\t<div class=\"elementor-column elementor-col-50 elementor-top-column elementor-element elementor-element-d832b27\" data-id=\"d832b27\" data-element_type=\"column\" data-e-type=\"column\">\n\t\t\t<div class=\"elementor-widget-wrap elementor-element-populated\">\n\t\t\t\t\t\t<div class=\"elementor-element elementor-element-1dd101d elementor-widget elementor-widget-text-editor\" data-id=\"1dd101d\" data-element_type=\"widget\" data-e-type=\"widget\" data-widget_type=\"text-editor.default\">\n\t\t\t\t<div class=\"elementor-widget-container\">\n\t\t\t\t\t\t\t\t\t<p>Tra i principali Maestri e fondatori si possono annoverare nomi illustri come Mario Peloni, Giuseppe Ruglioni, Renata Carlon, Giovanni Giocondo,\u00a0 Maurizio Volpe, Carlo Gensini, Alberto Forti.<\/p><div>Oggi l&#8217;Associazione Kinokenkyukai Italia continua l&#8217;opera dei grandi maestri per tenere uniti e informati i praticanti dei vari Dojo italiani, seguendo sempre l&#8217;insegnamento del Doshu Kenjiro Yoshigasaki.<\/div>\t\t\t\t\t\t\t\t<\/div>\n\t\t\t\t<\/div>\n\t\t\t\t\t<\/div>\n\t\t<\/div>\n\t\t\t\t\t<\/div>\n\t\t<\/section>\n\t\t\t\t<\/div>\n\t\t","protected":false},"excerpt":{"rendered":"<p>La Kinokenkyukai Italia \u00e8 un&#8217;associazione sportiva nata pi\u00f9 di 40 anni fa, precisamente nel 1980, dal forte desiderio di un piccolo gruppo di praticanti che gi\u00e0 seguivano l&#8217;insegnamento del maestro Koichi Tohei in Giappone e nei seminari internazionali in varie parti del mondo. Questi ultimi col tempo divennero Shihan e Maestri, nonch\u00e9 divulgatori di quello &hellip; <\/p>\n<p class=\"link-more\"><a href=\"https:\/\/knkitalia.it\/index.php\/lassociazione\/\" class=\"more-link\">Leggi tutto<span class=\"screen-reader-text\"> &#8220;Associazione&#8221;<\/span><\/a><\/p>\n","protected":false},"author":1,"featured_media":0,"parent":0,"menu_order":0,"comment_status":"closed","ping_status":"closed","template":"","meta":{"footnotes":""},"class_list":["post-9","page","type-page","status-publish","hentry"],"_links":{"self":[{"href":"https:\/\/knkitalia.it\/index.php\/wp-json\/wp\/v2\/pages\/9","targetHints":{"allow":["GET"]}}],"collection":[{"href":"https:\/\/knkitalia.it\/index.php\/wp-json\/wp\/v2\/pages"}],"about":[{"href":"https:\/\/knkitalia.it\/index.php\/wp-json\/wp\/v2\/types\/page"}],"author":[{"embeddable":true,"href":"https:\/\/knkitalia.it\/index.php\/wp-json\/wp\/v2\/users\/1"}],"replies":[{"embeddable":true,"href":"https:\/\/knkitalia.it\/index.php\/wp-json\/wp\/v2\/comments?post=9"}],"version-history":[{"count":26,"href":"https:\/\/knkitalia.it\/index.php\/wp-json\/wp\/v2\/pages\/9\/revisions"}],"predecessor-version":[{"id":1208,"href":"https:\/\/knkitalia.it\/index.php\/wp-json\/wp\/v2\/pages\/9\/revisions\/1208"}],"wp:attachment":[{"href":"https:\/\/knkitalia.it\/index.php\/wp-json\/wp\/v2\/media?parent=9"}],"curies":[{"name":"wp","href":"https:\/\/api.w.org\/{rel}","templated":true}]}}